{"id":29,"date":"2016-12-02T15:21:30","date_gmt":"2016-12-02T15:21:30","guid":{"rendered":"http:\/\/svosterburken.de\/?page_id=29"},"modified":"2025-01-14T20:46:42","modified_gmt":"2025-01-14T20:46:42","slug":"funktionaere","status":"publish","type":"page","link":"http:\/\/start.svosterburken.de\/?page_id=29","title":{"rendered":"Vorstandschaft"},"content":{"rendered":"\n<figure class=\"wp-block-table\"><table><tbody><tr><td><strong>Name<\/strong><\/td><td><strong>Funktion<\/strong><\/td><td><strong>Kontakt<\/strong><\/td><\/tr><tr><td>Gustav Hofmann<\/td><td>1. Vorstand<\/td><td><a href=\"mailto:vorstand@svosterburken.de\">vorstand@svosterburken.de<\/a><\/td><\/tr><tr><td>Florian Baumgart<\/td><td>2. Vorstand<\/td><td><a href=\"mailto:vorstand@svosterburken.de\">vorstand@svosterburken.de<\/a><\/td><\/tr><tr><td>Tabitha Heinemann<\/td><td>Schatzmeisterin<\/td><td><\/td><\/tr><tr><td>Natalia Trommenschleger<\/td><td>Kassier<\/td><td><\/td><\/tr><tr><td>Andreas Siegfried, Robert Maier<\/td><td>Abteilungsleiter Fu\u00dfball<\/td><td><a href=\"mailto:fussball@svosterburken.de\">fussball@svosterburken.de<\/a><\/td><\/tr><tr><td>Stefan Elert<\/td><td>Jugendleiter Fu\u00dfball (D-A Jugend)<\/td><td><a href=\"mailto:jugend.fussball@svosterburken.de\">jugend.fussball@svosterburken.de<\/a><\/td><\/tr><tr><td>Holger Karle<\/td><td>Jugendleiter Fu\u00dfball (Bambini &#8211; E Jugend)<\/td><td><a href=\"mailto:jugend.fussball@svosterburken.de\">jugend.fussball@svosterburken.de<\/a><\/td><\/tr><tr><td>Thomas Ernst<\/td><td>Abteilungsleiter Turnen<\/td><td><a href=\"mailto:turnen@svosterburken.de\">turnen@svosterburken.de<\/a><\/td><\/tr><tr><td>Cornelia Ernst<\/td><td>Jugendleitern Turnen<\/td><td><\/td><\/tr><tr><td>Holger Speck<\/td><td>Schrift- und Karteif\u00fchrer<\/td><td><a href=\"mailto:schriftfuehrung@svosterburken.de\">schriftfuehrung@svosterburken.de<\/a><\/td><\/tr><tr><td>Joel Heidl<\/td><td>\u00d6ffentlichkeitsreferent<\/td><td><a href=\"pr@svosterburken.de\">pr@svosterburken.de<\/a><\/td><\/tr><tr><td>Vivian Steinmacher<\/td><td>Beisitzerin<\/td><td><\/td><\/tr><tr><td>Carsten Schmitt<\/td><td>Beisitzer<\/td><td><\/td><\/tr><tr><td>Marianne Segieth<\/td><td>Beisitzerin<\/td><td><\/td><\/tr><tr><td>Alex Titarenko<\/td><td>Beisitzer<\/td><td><\/td><\/tr><\/tbody><\/table><\/figure>\n","protected":false},"excerpt":{"rendered":"<p>Name Funktion Kontakt Gustav Hofmann 1. Vorstand vorstand@svosterburken.de Florian Baumgart 2. Vorstand vorstand@svosterburken.de Tabitha Heinemann Schatzmeisterin Natalia Trommenschleger Kassier Andreas Siegfried, Robert Maier Abteilungsleiter Fu\u00dfball fussball@svosterburken.de Stefan Elert Jugendleiter Fu\u00dfball (D-A Jugend) jugend.fussball@svosterburken.de Holger Karle Jugendleiter Fu\u00dfball (Bambini &#8211; E Jugend) jugend.fussball@svosterburken.de Thomas Ernst Abteilungsleiter Turnen turnen@svosterburken.de Cornelia Ernst Jugendleitern Turnen Holger Speck Schrift- und [&hellip;]<\/p>\n","protected":false},"author":1,"featured_media":0,"parent":27,"menu_order":0,"comment_status":"closed","ping_status":"closed","template":"","meta":[],"_links":{"self":[{"href":"http:\/\/start.svosterburken.de\/index.php?rest_route=\/wp\/v2\/pages\/29"}],"collection":[{"href":"http:\/\/start.svosterburken.de\/index.php?rest_route=\/wp\/v2\/pages"}],"about":[{"href":"http:\/\/start.svosterburken.de\/index.php?rest_route=\/wp\/v2\/types\/page"}],"author":[{"embeddable":true,"href":"http:\/\/start.svosterburken.de\/index.php?rest_route=\/wp\/v2\/users\/1"}],"replies":[{"embeddable":true,"href":"http:\/\/start.svosterburken.de\/index.php?rest_route=%2Fwp%2Fv2%2Fcomments&post=29"}],"version-history":[{"count":16,"href":"http:\/\/start.svosterburken.de\/index.php?rest_route=\/wp\/v2\/pages\/29\/revisions"}],"predecessor-version":[{"id":1041,"href":"http:\/\/start.svosterburken.de\/index.php?rest_route=\/wp\/v2\/pages\/29\/revisions\/1041"}],"up":[{"embeddable":true,"href":"http:\/\/start.svosterburken.de\/index.php?rest_route=\/wp\/v2\/pages\/27"}],"wp:attachment":[{"href":"http:\/\/start.svosterburken.de\/index.php?rest_route=%2Fwp%2Fv2%2Fmedia&parent=29"}],"curies":[{"name":"wp","href":"https:\/\/api.w.org\/{rel}","templated":true}]}}